{"id":1885,"date":"2023-03-13T16:28:13","date_gmt":"2023-03-13T15:28:13","guid":{"rendered":"https:\/\/madametoska.com\/?page_id=1885"},"modified":"2023-04-15T23:29:09","modified_gmt":"2023-04-15T21:29:09","slug":"politique-de-confidentialite","status":"publish","type":"page","link":"https:\/\/madametoska.com\/en\/politique-de-confidentialite\/","title":{"rendered":"Privacy policy"},"content":{"rendered":"<p>Madame Toska s&rsquo;engage \u00e0 prot\u00e9ger la vie priv\u00e9e de ses clients et utilisateurs. Cette politique de confidentialit\u00e9 explique comment je collecte, utilise, stocke et prot\u00e8ge les informations personnelles que vous me fournissez.<\/p>\n\n\n\n<h2 class=\"wp-block-heading\" style=\"text-transform:none\">Collecte d&rsquo;informations personnelles <\/h2>\n\n\n\n<p>Je collecte les informations personnelles que vous me fournissez lorsque vous utilisez mon <strong>formulaire de contact<\/strong>. Cela peut inclure votre nom ou pseudonyme, adresse e-mail, num\u00e9ro de t\u00e9l\u00e9phone et autres informations que vous nous fournissez.<\/p>\n\n\n\n<p>Je collecte \u00e9galement automatiquement certaines informations lorsque vous visitez mon site Web, y compris le type de navigateur que vous utilisez, les pages que vous visitez et d&rsquo;autres informations similaires, gr\u00e2ce \u00e0 un logiciel appel\u00e9 Google Analytics. <\/p>\n\n\n\n<h2 class=\"wp-block-heading\" style=\"text-transform:none\">Utilisation des informations personnelles <\/h2>\n\n\n\n<p>J&rsquo;utilise les informations personnelles que je collecte pour fournir, g\u00e9rer et am\u00e9liorer mes services. Cela peut inclure l&rsquo;envoi de communications marketing et promotionnelles, la gestion de votre compte, la r\u00e9ponse \u00e0 vos demandes de renseignements et la personnalisation de votre exp\u00e9rience en s\u00e9ance.<\/p>\n\n\n\n<h2 class=\"wp-block-heading has-large-font-size\" style=\"text-transform:none\">Divulgation d&rsquo;informations personnelles <\/h2>\n\n\n\n<p>Je ne vend ni ne loue vos informations personnelles \u00e0 des tiers. Cependant, je peux h\u00e9berger des informations personnelles \u00e0 des fournisseurs de services tiers qui m&rsquo;aident \u00e0 fournir mes services. Par exemple, les informations que vous me fournissez en remplissant mon formulaire de contact sont imm\u00e9diatement envoy\u00e9es et stock\u00e9es sur une boite e-mail Protonmail.<\/p>\n\n\n\n<h2 class=\"wp-block-heading\" style=\"text-transform:none\">S\u00e9curit\u00e9 des informations personnelles <\/h2>\n\n\n\n<p>Je prend des mesures de s\u00e9curit\u00e9 appropri\u00e9es pour prot\u00e9ger vos informations personnelles contre l&rsquo;acc\u00e8s non autoris\u00e9, la divulgation ou la modification. Cela inclut l&rsquo;utilisation de protocoles de s\u00e9curit\u00e9 tels que le chiffrement des donn\u00e9es et la mise en \u0153uvre de politiques de s\u00e9curit\u00e9 strictes pour prot\u00e9ger les informations stock\u00e9es sur mes serveurs.<\/p>\n\n\n\n<h2 class=\"wp-block-heading\" style=\"text-transform:none\">Vos choix et droits <\/h2>\n\n\n\n<p>Vous avez le droit de demander l&rsquo;acc\u00e8s, la correction ou la suppression de vos informations personnelles. Vous pouvez \u00e9galement vous d\u00e9sabonner de nos communications marketing \u00e0 tout moment. Pour exercer ces droits, veuillez nous contacter \u00e0 contact@madametoska.com.<\/p>\n\n\n\n<h2 class=\"wp-block-heading\" style=\"text-transform:none\">Modifications de la politique de confidentialit\u00e9 <\/h2>\n\n\n\n<p>Je peux modifier cette politique de confidentialit\u00e9 de temps \u00e0 autre en fonction des besoins de mon activit\u00e9 ou des changements de la r\u00e9glementation. Je vous encourage \u00e0 consulter cette politique de confidentialit\u00e9 r\u00e9guli\u00e8rement pour vous assurer que vous \u00eates inform\u00e9 des derni\u00e8res mises \u00e0 jour.<\/p>\n\n\n\n<h2 class=\"wp-block-heading\" style=\"text-transform:none\">Contactez-moi <\/h2>\n\n\n\n<p>Si vous avez des questions ou des pr\u00e9occupations concernant ma politique de confidentialit\u00e9, veuillez me contacter \u00e0 contat@madametoska.com.<\/p>","protected":false},"excerpt":{"rendered":"<p>Madame Toska s&rsquo;engage \u00e0 prot\u00e9ger la vie priv\u00e9e de ses clients et utilisateurs. Cette politique de confidentialit\u00e9 explique comment je collecte, utilise, stocke et prot\u00e8ge les informations personnelles que vous me fournissez. Collecte d&rsquo;informations personnelles Je collecte les informations personnelles que vous me fournissez lorsque vous utilisez mon formulaire de contact. Cela peut inclure votre&#8230;<\/p>","protected":false},"author":2,"featured_media":1544,"parent":0,"menu_order":12,"comment_status":"closed","ping_status":"closed","template":"","meta":{"_kadence_starter_templates_imported_post":false,"_kad_post_transparent":"","_kad_post_title":"","_kad_post_layout":"","_kad_post_sidebar_id":"","_kad_post_content_style":"","_kad_post_vertical_padding":"","_kad_post_feature":"","_kad_post_feature_position":"","_kad_post_header":false,"_kad_post_footer":false,"_kad_post_classname":"","footnotes":""},"class_list":["post-1885","page","type-page","status-publish","has-post-thumbnail","hentry"],"_links":{"self":[{"href":"https:\/\/madametoska.com\/en\/wp-json\/wp\/v2\/pages\/1885","targetHints":{"allow":["GET"]}}],"collection":[{"href":"https:\/\/madametoska.com\/en\/wp-json\/wp\/v2\/pages"}],"about":[{"href":"https:\/\/madametoska.com\/en\/wp-json\/wp\/v2\/types\/page"}],"author":[{"embeddable":true,"href":"https:\/\/madametoska.com\/en\/wp-json\/wp\/v2\/users\/2"}],"replies":[{"embeddable":true,"href":"https:\/\/madametoska.com\/en\/wp-json\/wp\/v2\/comments?post=1885"}],"version-history":[{"count":0,"href":"https:\/\/madametoska.com\/en\/wp-json\/wp\/v2\/pages\/1885\/revisions"}],"wp:featuredmedia":[{"embeddable":true,"href":"https:\/\/madametoska.com\/en\/wp-json\/wp\/v2\/media\/1544"}],"wp:attachment":[{"href":"https:\/\/madametoska.com\/en\/wp-json\/wp\/v2\/media?parent=1885"}],"curies":[{"name":"wp","href":"https:\/\/api.w.org\/{rel}","templated":true}]}}