{"id":1912,"date":"2023-03-13T19:40:34","date_gmt":"2023-03-13T18:40:34","guid":{"rendered":"https:\/\/madametoska.com\/?page_id=1912"},"modified":"2023-12-05T17:13:23","modified_gmt":"2023-12-05T16:13:23","slug":"jeux-dimpact-fouet-cravache-fessee-canne-anglaise-paris","status":"publish","type":"page","link":"https:\/\/madametoska.com\/en\/seance-domination-bdsm-fetichisme-domina-paris\/jeux-dimpact-fouet-cravache-fessee-canne-anglaise-paris\/","title":{"rendered":"Impact play, whip, and riding crop"},"content":{"rendered":"<style>.kb-row-layout-id1912_132f1b-d9 > .kt-row-column-wrap{align-content:center;}:where(.kb-row-layout-id1912_132f1b-d9 > .kt-row-column-wrap) > .wp-block-kadence-column{justify-content:center;}.kb-row-layout-id1912_132f1b-d9 > .kt-row-column-wrap{column-gap:var(--global-kb-gap-md, 2rem);row-gap:var(--global-kb-gap-md, 2rem);max-width:var( --global-content-width, 1290px );padding-left:var(--global-content-edge-padding);padding-right:var(--global-content-edge-padding);padding-top:80px;padding-bottom:71px;grid-template-columns:minmax(0, 1fr);}.kb-row-layout-id1912_132f1b-d9 > .kt-row-layout-overlay{opacity:0.10;}@media all and (max-width: 1024px){.kb-row-layout-id1912_132f1b-d9 > .kt-row-column-wrap{grid-template-columns:minmax(0, 1fr);}}@media all and (max-width: 767px){.kb-row-layout-id1912_132f1b-d9 > .kt-row-column-wrap{grid-template-columns:minmax(0, 1fr);}}<\/style><div class=\"kb-row-layout-wrap kb-row-layout-id1912_132f1b-d9 alignnone has-theme-palette8-background-color kt-row-has-bg wp-block-kadence-rowlayout\"><div class=\"kt-row-column-wrap kt-has-1-columns kt-row-layout-equal kt-tab-layout-inherit kt-mobile-layout-row kt-row-valign-middle kb-theme-content-width\">\n<style>.kadence-column1912_d4605d-1f > .kt-inside-inner-col,.kadence-column1912_d4605d-1f > .kt-inside-inner-col:before{border-top-left-radius:0px;border-top-right-radius:0px;border-bottom-right-radius:0px;border-bottom-left-radius:0px;}.kadence-column1912_d4605d-1f > .kt-inside-inner-col{column-gap:var(--global-kb-gap-sm, 1rem);}.kadence-column1912_d4605d-1f > .kt-inside-inner-col{flex-direction:column;}.kadence-column1912_d4605d-1f > .kt-inside-inner-col > .aligncenter{width:100%;}.kadence-column1912_d4605d-1f > .kt-inside-inner-col:before{opacity:0.3;}.kadence-column1912_d4605d-1f{position:relative;}@media all and (max-width: 1024px){.kadence-column1912_d4605d-1f > .kt-inside-inner-col{flex-direction:column;justify-content:center;}}@media all and (max-width: 767px){.kadence-column1912_d4605d-1f > .kt-inside-inner-col{flex-direction:column;justify-content:center;}}<\/style>\n<div class=\"wp-block-kadence-column kadence-column1912_d4605d-1f inner-column-1\"><div class=\"kt-inside-inner-col\">\n<h2 class=\"wp-block-heading has-theme-palette-1-color has-text-color\" style=\"text-transform:none\">My vision of impact play sessions in Paris<\/h2>\n\n\n\n<p>Je suis tr\u00e8s enthousiaste \u00e0 l\u2019id\u00e9e de pratiquer les jeux d\u2019impact avec mes soumis. Cette pratique fait ressortir mon c\u00f4t\u00e9 sadique qui surprend lorsque l\u2019on voit la jolie petite blonde que je suis. Ces pratiques sont particuli\u00e8rement intenses pour les personnes qui les subissent&nbsp;et pour qui tient le fouet, la cravache, le martinet ou la canne. Je te re\u00e7ois pour pratiquer les jeux d\u2019impact \u00e0 Paris.<\/p>\n\n\n\n<h3 class=\"wp-block-heading has-theme-palette-1-color has-text-color\">My kinks related to impact play:<\/h3>\n\n\n\n<ul class=\"wp-block-list\">\n<li>flogging with a whip<\/li>\n\n\n\n<li>face slapping<\/li>\n\n\n\n<li>spankings<\/li>\n\n\n\n<li>whipping with a riding crop<\/li>\n\n\n\n<li>English cane strokes<\/li>\n<\/ul>\n\n\n\n<p>Tu me pr\u00e9viendras \u00e0 l\u2019avance des pratiques qui te plaisent. Fais attention \u00e0 ne pas te surestimer. Le degr\u00e9 de douleur est variable et certaines pratiques laissent des marques qui restent longtemps sur le corps donc assure-toi d\u2019\u00eatre bien renseign\u00e9. L\u2019image ci-dessous te sera tr\u00e8s utile.&nbsp;Si tu ne te sens pas capable de supporter la flagellation, les gifles, les fess\u00e9es ou les coups de cravache, tu peux t&rsquo;orienter vers <a href=\"https:\/\/madametoska.com\/en\/seance-domination-bdsm-fetichisme-domina-paris\/\" data-type=\"page\" data-id=\"1929\">my other BDSM kinks<\/a>. <\/p>\n\n\n\n<figure class=\"wp-block-image size-full is-resized\"><img decoding=\"async\" width=\"602\" height=\"799\" data-src=\"https:\/\/madametoska.com\/wp-content\/uploads\/2023\/03\/main-qimg-9ce311ddc31985d3e1089d4f5149b291-lq.jpg.webp\" alt=\"niveaux de douleur et marques suite \u00e0 la pratique des jeux d'impact. Pain levels and marks\/scars from impact play.\" class=\"wp-image-1842 lazyload\" style=\"--smush-placeholder-width: 602px; --smush-placeholder-aspect-ratio: 602\/799;width:443px;height:588px\" data-srcset=\"https:\/\/madametoska.com\/wp-content\/uploads\/2023\/03\/main-qimg-9ce311ddc31985d3e1089d4f5149b291-lq.jpg.webp 602w, https:\/\/madametoska.com\/wp-content\/uploads\/2023\/03\/main-qimg-9ce311ddc31985d3e1089d4f5149b291-lq.jpg-226x300.webp 226w, https:\/\/madametoska.com\/wp-content\/uploads\/2023\/03\/main-qimg-9ce311ddc31985d3e1089d4f5149b291-lq.jpg-600x796.webp 600w\" data-sizes=\"(max-width: 602px) 100vw, 602px\" src=\"data:image\/svg+xml;base64,PHN2ZyB3aWR0aD0iMSIgaGVpZ2h0PSIxIiB4bWxucz0iaHR0cDovL3d3dy53My5vcmcvMjAwMC9zdmciPjwvc3ZnPg==\" \/><\/figure>\n\n\n<style>.wp-block-kadence-advancedbtn.kb-btns1912_3fe5ac-05{gap:var(--global-kb-gap-xs, 0.5rem );justify-content:flex-start;align-items:center;}.kt-btns1912_3fe5ac-05 .kt-button{font-weight:normal;font-style:normal;}.kt-btns1912_3fe5ac-05 .kt-btn-wrap-0{margin-right:5px;}.wp-block-kadence-advancedbtn.kt-btns1912_3fe5ac-05 .kt-btn-wrap-0 .kt-button{color:#555555;border-color:#555555;}.wp-block-kadence-advancedbtn.kt-btns1912_3fe5ac-05 .kt-btn-wrap-0 .kt-button:hover, .wp-block-kadence-advancedbtn.kt-btns1912_3fe5ac-05 .kt-btn-wrap-0 .kt-button:focus{color:#ffffff;border-color:#444444;}.wp-block-kadence-advancedbtn.kt-btns1912_3fe5ac-05 .kt-btn-wrap-0 .kt-button::before{display:none;}.wp-block-kadence-advancedbtn.kt-btns1912_3fe5ac-05 .kt-btn-wrap-0 .kt-button:hover, .wp-block-kadence-advancedbtn.kt-btns1912_3fe5ac-05 .kt-btn-wrap-0 .kt-button:focus{background:#444444;}<\/style>\n<div class=\"wp-block-kadence-advancedbtn kb-buttons-wrap kb-btns1912_3fe5ac-05\"><style>ul.menu .wp-block-kadence-advancedbtn .kb-btn1912_cb603b-9c.kb-button{width:initial;}.kb-btn1912_cb603b-9c.kb-button .kb-svg-icon-wrap{padding-right:var(--global-kb-spacing-xxs, 0.5rem);}<\/style><a class=\"kb-button kt-button button kb-btn1912_cb603b-9c kt-btn-size-standard kt-btn-width-type-auto kb-btn-global-fill  kt-btn-has-text-true kt-btn-has-svg-true  wp-block-kadence-singlebtn\" href=\"https:\/\/madametoska.com\/en\/contacter-femme-dominatrice\/\"><span class=\"kb-svg-icon-wrap kb-svg-icon-fe_mail kt-btn-icon-side-left\"><svg viewbox=\"0 0 24 24\"  fill=\"none\" stroke=\"currentColor\" stroke-width=\"2\" stroke-linecap=\"round\" stroke-linejoin=\"round\" xmlns=\"http:\/\/www.w3.org\/2000\/svg\"  aria-hidden=\"true\"><path d=\"M4 4h16c1.1 0 2 .9 2 2v12c0 1.1-.9 2-2 2H4c-1.1 0-2-.9-2-2V6c0-1.1.9-2 2-2z\"\/><polyline points=\"22,6 12,13 2,6\"\/><\/svg><\/span><span class=\"kt-btn-inner-text\">Book an impact play session<\/span><\/a><\/div>\n\n\n\n<h2 class=\"wp-block-heading has-theme-palette-1-color has-text-color\" style=\"text-transform:none\">Go to bed smarter - Impact play<\/h2>\n\n\n\n<p>In the Middle Ages, flogging was used as a punishment for crimes and sins, and it was also associated with the religious activity of the mortification of the flesh. However, flogging was also used as a sexual game, often associated with secret cults or occult groups.<\/p>\n\n\n\n<p>Over time, flogging and whipping games became more sophisticated and were incorporated into modern BDSM culture. In the 1930s, the whip became a symbol of power and domination in popular culture, with characters like Zorro or the masked vigilante from the comic strip \"The Phantom\" using whips to fight crime.<\/p>\n\n\n\n<p>In the 1960s and 1970s, BDSM culture began to emerge in underground circles in major cities, with clubs and private parties hosting bondage, domination, and submission shows. Impact play was included in these games and became increasingly popular.<\/p>\n\n\n\n<p>Today, impact play is often associated with BDSM kinks and is seen as a way for participants to experience intense physical sensations while exploring power and submission dynamics in sexual relationships.<\/p>\n\n\n\n<p>Diverses activit\u00e9s peuvent \u00eatre class\u00e9es comme des jeux d\u2019impact.&nbsp; Le soumis re\u00e7oit une fess\u00e9e sur les fesses avec la main ouverte du sup\u00e9rieur ou un instrument rigide tel qu\u2019une paddle, une canne ou une cravache dans le cas d\u2019une fess\u00e9e sensuelle. La paddle, la canne et la cravache sont tous des termes utilis\u00e9s pour d\u00e9crire cette derni\u00e8re activit\u00e9.<\/p>\n\n\n\n<p>Sexual flogging involves hitting the submissive with a soft object such as a whip or belt.<br>Whips are classified according to the number of tails they have: A single tail, such as the bullwhip, is used. The term \"single tailing\" refers to the associated activity.<\/p>\n\n\n\n<p>Other whips have more than one tail, like the cat o'nine tails.<\/p>\n\n\n\n<p>Learn more about the kink of impact play, <a href=\"https:\/\/clarissethorn.com\/blog\/2010\/09\/15\/a-brief-history-of-bdsm\/\" data-type=\"URL\" data-id=\"https:\/\/clarissethorn.com\/blog\/2010\/09\/15\/a-brief-history-of-bdsm\/\" target=\"_blank\" rel=\"noreferrer noopener\">see this article by Clarisse Thorn on the history of BDSM.<\/a><\/p>\n\n\n\n<figure class=\"wp-block-image size-large\"><img decoding=\"async\" width=\"683\" height=\"1024\" src=\"https:\/\/madametoska.com\/wp-content\/uploads\/2023\/03\/JO4A0198-scaled-1-683x1024.jpg\" alt=\"La belle dominatrice parisienne Madame Toska tient une cravache pour pratiquer les jeux d'impat sur toi. Elle peut te mettre des coups de cravache, fouet, canne.\" class=\"wp-image-1841\" srcset=\"\" sizes=\"(max-width: 683px) 100vw, 683px\" data-srcset=\"\" \/><\/figure>\n<\/div><\/div>\n\n<\/div><\/div>","protected":false},"excerpt":{"rendered":"<p>Ma vision et mes pratiques des jeux d&rsquo;impact \u00e0 Paris Je suis tr\u00e8s enthousiaste \u00e0 l\u2019id\u00e9e de pratiquer les jeux d\u2019impact avec mes soumis. Cette pratique fait ressortir mon c\u00f4t\u00e9 sadique qui surprend lorsque l\u2019on voit la jolie petite blonde que je suis. Ces pratiques sont particuli\u00e8rement intenses pour les personnes qui les subissent&nbsp;et pour&#8230;<\/p>","protected":false},"author":2,"featured_media":1657,"parent":1929,"menu_order":2,"comment_status":"closed","ping_status":"closed","template":"","meta":{"_kadence_starter_templates_imported_post":false,"_kad_post_transparent":"","_kad_post_title":"","_kad_post_layout":"","_kad_post_sidebar_id":"","_kad_post_content_style":"","_kad_post_vertical_padding":"","_kad_post_feature":"","_kad_post_feature_position":"","_kad_post_header":false,"_kad_post_footer":false,"_kad_post_classname":"","footnotes":""},"class_list":["post-1912","page","type-page","status-publish","has-post-thumbnail","hentry"],"_links":{"self":[{"href":"https:\/\/madametoska.com\/en\/wp-json\/wp\/v2\/pages\/1912","targetHints":{"allow":["GET"]}}],"collection":[{"href":"https:\/\/madametoska.com\/en\/wp-json\/wp\/v2\/pages"}],"about":[{"href":"https:\/\/madametoska.com\/en\/wp-json\/wp\/v2\/types\/page"}],"author":[{"embeddable":true,"href":"https:\/\/madametoska.com\/en\/wp-json\/wp\/v2\/users\/2"}],"replies":[{"embeddable":true,"href":"https:\/\/madametoska.com\/en\/wp-json\/wp\/v2\/comments?post=1912"}],"version-history":[{"count":1,"href":"https:\/\/madametoska.com\/en\/wp-json\/wp\/v2\/pages\/1912\/revisions"}],"predecessor-version":[{"id":2343,"href":"https:\/\/madametoska.com\/en\/wp-json\/wp\/v2\/pages\/1912\/revisions\/2343"}],"up":[{"embeddable":true,"href":"https:\/\/madametoska.com\/en\/wp-json\/wp\/v2\/pages\/1929"}],"wp:featuredmedia":[{"embeddable":true,"href":"https:\/\/madametoska.com\/en\/wp-json\/wp\/v2\/media\/1657"}],"wp:attachment":[{"href":"https:\/\/madametoska.com\/en\/wp-json\/wp\/v2\/media?parent=1912"}],"curies":[{"name":"wp","href":"https:\/\/api.w.org\/{rel}","templated":true}]}}