{"id":1914,"date":"2023-03-13T19:47:26","date_gmt":"2023-03-13T18:47:26","guid":{"rendered":"https:\/\/madametoska.com\/?page_id=1914"},"modified":"2023-12-05T17:14:05","modified_gmt":"2023-12-05T16:14:05","slug":"jeux-de-roles-roleplay","status":"publish","type":"page","link":"https:\/\/madametoska.com\/en\/seance-domination-bdsm-fetichisme-domina-paris\/jeux-de-roles-roleplay\/","title":{"rendered":"Roleplay"},"content":{"rendered":"<style>.kb-row-layout-id1914_4e72b6-0e > .kt-row-column-wrap{align-content:center;}:where(.kb-row-layout-id1914_4e72b6-0e > .kt-row-column-wrap) > .wp-block-kadence-column{justify-content:center;}.kb-row-layout-id1914_4e72b6-0e > .kt-row-column-wrap{column-gap:var(--global-kb-gap-md, 2rem);row-gap:var(--global-kb-gap-md, 2rem);max-width:var( --global-content-width, 1290px );padding-left:var(--global-content-edge-padding);padding-right:var(--global-content-edge-padding);padding-top:80px;padding-bottom:62px;grid-template-columns:minmax(0, 1fr);}.kb-row-layout-id1914_4e72b6-0e > .kt-row-layout-overlay{opacity:0.10;}@media all and (max-width: 1024px){.kb-row-layout-id1914_4e72b6-0e > .kt-row-column-wrap{grid-template-columns:minmax(0, 1fr);}}@media all and (max-width: 767px){.kb-row-layout-id1914_4e72b6-0e > .kt-row-column-wrap{grid-template-columns:minmax(0, 1fr);}}<\/style><div class=\"kb-row-layout-wrap kb-row-layout-id1914_4e72b6-0e alignnone has-theme-palette8-background-color kt-row-has-bg wp-block-kadence-rowlayout\"><div class=\"kt-row-column-wrap kt-has-1-columns kt-row-layout-equal kt-tab-layout-inherit kt-mobile-layout-row kt-row-valign-middle kb-theme-content-width\">\n<style>.kadence-column1914_57568e-94 > .kt-inside-inner-col,.kadence-column1914_57568e-94 > .kt-inside-inner-col:before{border-top-left-radius:0px;border-top-right-radius:0px;border-bottom-right-radius:0px;border-bottom-left-radius:0px;}.kadence-column1914_57568e-94 > .kt-inside-inner-col{column-gap:var(--global-kb-gap-sm, 1rem);}.kadence-column1914_57568e-94 > .kt-inside-inner-col{flex-direction:column;}.kadence-column1914_57568e-94 > .kt-inside-inner-col > .aligncenter{width:100%;}.kadence-column1914_57568e-94 > .kt-inside-inner-col:before{opacity:0.3;}.kadence-column1914_57568e-94{position:relative;}@media all and (max-width: 1024px){.kadence-column1914_57568e-94 > .kt-inside-inner-col{flex-direction:column;justify-content:center;}}@media all and (max-width: 767px){.kadence-column1914_57568e-94 > .kt-inside-inner-col{flex-direction:column;justify-content:center;}}<\/style>\n<div class=\"wp-block-kadence-column kadence-column1914_57568e-94 inner-column-1\"><div class=\"kt-inside-inner-col\">\n<h2 class=\"wp-block-heading has-theme-palette-1-color has-text-color\" style=\"text-transform:none\">My vision of BDSM Roleplay in Paris<\/h2>\n\n\n\n<p>Roleplay is rather complex because it requires a lot of work beforehand. A role is played so that the interpretation of it becomes convincing. I am a pretty young Russian woman so I have chosen a list of roles for which I think I am compatible. I host you for sexual roleplay sessions in Paris.<\/p>\n\n\n\n<h3 class=\"wp-block-heading has-theme-palette-1-color has-text-color\"><strong>My sexual roleplay kinks:<\/strong><\/h3>\n\n\n\n<ul class=\"wp-block-list\">\n<li>bratty student roleplay<\/li>\n\n\n\n<li>petplay (you are my dog, my pony, my horse and many others)<\/li>\n\n\n\n<li>mistress and slave roleplay<\/li>\n\n\n\n<li>doctor or nurse roleplay<\/li>\n\n\n\n<li>KGB agent roleplay<\/li>\n\n\n\n<li>prison guard in a Siberian gulag roleplay&nbsp;<\/li>\n\n\n\n<li>sexy and dominant roommate who just arrived in Paris<\/li>\n\n\n\n<li>bratty intern<\/li>\n\n\n\n<li>ABDL (regression fetish)&nbsp;<\/li>\n<\/ul>\n\n\n\n<p>I can play several roles and the list is not limited to what is written above but for the sake of credibility, I prefer to play these roles first. Indeed, these are roles in which I am \"credible\" because of my physique. It would be more complicated for me to play a school principal with 50-year-old submissives playing the students when I was born in 1998 and am therefore 24 years old at the time of writing this.&nbsp;<\/p>\n\n\n\n<p>I am of course flexible on the roles I play so feel free to let me know of anything out of the ordinary so I can confirm whether or not that it is possible.<\/p>\n\n\n<style>.wp-block-kadence-advancedbtn.kb-btns1914_ac62b8-87{gap:var(--global-kb-gap-xs, 0.5rem );justify-content:flex-start;align-items:center;}.kt-btns1914_ac62b8-87 .kt-button{font-weight:normal;font-style:normal;}.kt-btns1914_ac62b8-87 .kt-btn-wrap-0{margin-right:5px;}.wp-block-kadence-advancedbtn.kt-btns1914_ac62b8-87 .kt-btn-wrap-0 .kt-button{color:#555555;border-color:#555555;}.wp-block-kadence-advancedbtn.kt-btns1914_ac62b8-87 .kt-btn-wrap-0 .kt-button:hover, .wp-block-kadence-advancedbtn.kt-btns1914_ac62b8-87 .kt-btn-wrap-0 .kt-button:focus{color:#ffffff;border-color:#444444;}.wp-block-kadence-advancedbtn.kt-btns1914_ac62b8-87 .kt-btn-wrap-0 .kt-button::before{display:none;}.wp-block-kadence-advancedbtn.kt-btns1914_ac62b8-87 .kt-btn-wrap-0 .kt-button:hover, .wp-block-kadence-advancedbtn.kt-btns1914_ac62b8-87 .kt-btn-wrap-0 .kt-button:focus{background:#444444;}<\/style>\n<div class=\"wp-block-kadence-advancedbtn kb-buttons-wrap kb-btns1914_ac62b8-87\"><style>ul.menu .wp-block-kadence-advancedbtn .kb-btn1914_b18a78-a7.kb-button{width:initial;}.kb-btn1914_b18a78-a7.kb-button .kb-svg-icon-wrap{padding-right:var(--global-kb-spacing-xxs, 0.5rem);}<\/style><a class=\"kb-button kt-button button kb-btn1914_b18a78-a7 kt-btn-size-standard kt-btn-width-type-auto kb-btn-global-fill  kt-btn-has-text-true kt-btn-has-svg-true  wp-block-kadence-singlebtn\" href=\"https:\/\/madametoska.com\/en\/contacter-femme-dominatrice\/\"><span class=\"kb-svg-icon-wrap kb-svg-icon-fe_mail kt-btn-icon-side-left\"><svg viewbox=\"0 0 24 24\"  fill=\"none\" stroke=\"currentColor\" stroke-width=\"2\" stroke-linecap=\"round\" stroke-linejoin=\"round\" xmlns=\"http:\/\/www.w3.org\/2000\/svg\"  aria-hidden=\"true\"><path d=\"M4 4h16c1.1 0 2 .9 2 2v12c0 1.1-.9 2-2 2H4c-1.1 0-2-.9-2-2V6c0-1.1.9-2 2-2z\"\/><polyline points=\"22,6 12,13 2,6\"\/><\/svg><\/span><span class=\"kt-btn-inner-text\">Book a roleplay session<\/span><\/a><\/div>\n\n\n\n<h2 class=\"wp-block-heading has-theme-palette-1-color has-text-color\" style=\"text-transform:none\">Go to bed smarter - Roleplay<\/h2>\n\n\n\n<p>Role-playing games with a strong erotic aspect is known as sex role-playing games.<\/p>\n\n\n\n<p>It can involve two or more people playing roles to bring a sexual dream to life and can be a type of foreplay as well as sexually exciting.<\/p>\n\n\n\n<p>Many people see sex role-playing as a way to overcome their sexual inhibitions.<\/p>\n\n\n\n<p>It can take place in person, on the Internet, in a chat room, in a video game, or via email, making it possible to indulge romantic passions that are physically or virtually impossible.&nbsp;<\/p>\n\n\n\n<p>I much prefer to do it in person even though the pandemic is pushed me to adopt more modern methods.&nbsp;<\/p>\n\n\n\n<p>To learn more about role play, <a href=\"https:\/\/www.universalis.fr\/encyclopedie\/fetichisme-psychanalyse\/\" target=\"_blank\" rel=\"noreferrer noopener\">read this article.<\/a><\/p>\n\n\n\n<figure class=\"wp-block-image size-large\"><img decoding=\"async\" width=\"768\" height=\"1024\" src=\"https:\/\/madametoska.com\/wp-content\/uploads\/2023\/03\/IMG_0381-1536x2048.jpg-768x1024.webp\" alt=\"Madame Toska, maitresse dominatrice \u00e0 Paris, sp\u00e9cialiste des jeux de r\u00f4les, se sert d'un soumis \u00e0 quatre pates comme chaise apr\u00e8s lui avoir donn\u00e9 une fess\u00e9e. Le soumis apr\u00e9cie le roleplay et ce r\u00f4le de chaise lui plait.\" class=\"wp-image-1846\" srcset=\"\" sizes=\"(max-width: 768px) 100vw, 768px\" data-srcset=\"\" \/><\/figure>\n<\/div><\/div>\n\n<\/div><\/div>","protected":false},"excerpt":{"rendered":"<p>Ma vision et mes pratiques du Roleplay \u00e0 Paris Le roleplay est plut\u00f4t complexes car ils n\u00e9cessitent beaucoup de travail en amont. Un r\u00f4le se pratique pour que l\u2019interpr\u00e9tation de celui-ci devienne convaincante. Je suis une jolie jeune femme russe donc j\u2019ai choisi une liste de r\u00f4les pour lesquels j\u2019estime \u00eatre compatible. Je te re\u00e7ois&#8230;<\/p>","protected":false},"author":2,"featured_media":1657,"parent":1929,"menu_order":6,"comment_status":"closed","ping_status":"closed","template":"","meta":{"_kadence_starter_templates_imported_post":false,"_kad_post_transparent":"","_kad_post_title":"","_kad_post_layout":"","_kad_post_sidebar_id":"","_kad_post_content_style":"","_kad_post_vertical_padding":"","_kad_post_feature":"","_kad_post_feature_position":"","_kad_post_header":false,"_kad_post_footer":false,"_kad_post_classname":"","footnotes":""},"class_list":["post-1914","page","type-page","status-publish","has-post-thumbnail","hentry"],"_links":{"self":[{"href":"https:\/\/madametoska.com\/en\/wp-json\/wp\/v2\/pages\/1914","targetHints":{"allow":["GET"]}}],"collection":[{"href":"https:\/\/madametoska.com\/en\/wp-json\/wp\/v2\/pages"}],"about":[{"href":"https:\/\/madametoska.com\/en\/wp-json\/wp\/v2\/types\/page"}],"author":[{"embeddable":true,"href":"https:\/\/madametoska.com\/en\/wp-json\/wp\/v2\/users\/2"}],"replies":[{"embeddable":true,"href":"https:\/\/madametoska.com\/en\/wp-json\/wp\/v2\/comments?post=1914"}],"version-history":[{"count":1,"href":"https:\/\/madametoska.com\/en\/wp-json\/wp\/v2\/pages\/1914\/revisions"}],"predecessor-version":[{"id":2344,"href":"https:\/\/madametoska.com\/en\/wp-json\/wp\/v2\/pages\/1914\/revisions\/2344"}],"up":[{"embeddable":true,"href":"https:\/\/madametoska.com\/en\/wp-json\/wp\/v2\/pages\/1929"}],"wp:featuredmedia":[{"embeddable":true,"href":"https:\/\/madametoska.com\/en\/wp-json\/wp\/v2\/media\/1657"}],"wp:attachment":[{"href":"https:\/\/madametoska.com\/en\/wp-json\/wp\/v2\/media?parent=1914"}],"curies":[{"name":"wp","href":"https:\/\/api.w.org\/{rel}","templated":true}]}}