{"id":1916,"date":"2023-03-13T19:54:46","date_gmt":"2023-03-13T18:54:46","guid":{"rendered":"https:\/\/madametoska.com\/?page_id=1916"},"modified":"2023-12-05T17:58:32","modified_gmt":"2023-12-05T16:58:32","slug":"torture-sexe-cbt-ballbusting","status":"publish","type":"page","link":"https:\/\/madametoska.com\/en\/seance-domination-bdsm-fetichisme-domina-paris\/torture-sexe-cbt-ballbusting\/","title":{"rendered":"CBT, ballbusting, sounding"},"content":{"rendered":"<h2 class=\"wp-block-heading has-theme-palette-1-color has-text-color\" style=\"text-transform:none\">My vision of CBT, sounding and ballbusting in Paris<\/h2>\n\n\n\n<p>CBT and ballbusting are among the most painful practices in BDSM. The penis and testicles are richly innervated and the slightest excessive contact can cause unbearable pain. This practice brings out my sadistic side which is surprising when you see the pretty little blonde that I am. These practices are particularly intense for the people who undergo them but they are just as much for me who should be careful not to go too far and cause irreversible damage at the same time. I meet you to practice sex torture and ballbusting in Paris. If CBT is too intense for you, I invite you to look at <a href=\"https:\/\/madametoska.com\/en\/seance-domination-bdsm-fetichisme-domina-paris\/\" data-type=\"page\" data-id=\"1929\">my other practices in BDSM and fetish sessions in Paris.<\/a> <\/p>\n\n\n\n<h3 class=\"wp-block-heading has-theme-palette-1-color has-text-color\">My CBT and ballbusting practices in Paris:<\/h3>\n\n\n\n<ul class=\"wp-block-list\">\n<li>cock and balls torture (CBT);<\/li>\n\n\n\n<li>ballbusting barefoot, or with shoes;<\/li>\n\n\n\n<li>cock and balls slapping;<\/li>\n\n\n\n<li>burns on the genitals with wax;<\/li>\n\n\n\n<li>sounding;<\/li>\n\n\n\n<li>penile overstimulation and post-orgasm torture;<\/li>\n\n\n\n<li>needles on the penis and scrotum;<\/li>\n\n\n\n<li>cock and balls trampling.<\/li>\n<\/ul>\n\n\n\n<p>Because of the risks associated with the practice of sex torture and ballbusting, you will have to explain to me your previous experiences with CBT and be convincing about your ability to endure a session. I will be extremely careful not to create any long-term damage to you.<\/p>\n\n\n<style>.wp-block-kadence-advancedbtn.kb-btns1916_50e437-a0{gap:var(--global-kb-gap-xs, 0.5rem );justify-content:flex-start;align-items:center;}.kt-btns1916_50e437-a0 .kt-button{font-weight:normal;font-style:normal;}.kt-btns1916_50e437-a0 .kt-btn-wrap-0{margin-right:5px;}.wp-block-kadence-advancedbtn.kt-btns1916_50e437-a0 .kt-btn-wrap-0 .kt-button{color:#555555;border-color:#555555;}.wp-block-kadence-advancedbtn.kt-btns1916_50e437-a0 .kt-btn-wrap-0 .kt-button:hover, .wp-block-kadence-advancedbtn.kt-btns1916_50e437-a0 .kt-btn-wrap-0 .kt-button:focus{color:#ffffff;border-color:#444444;}.wp-block-kadence-advancedbtn.kt-btns1916_50e437-a0 .kt-btn-wrap-0 .kt-button::before{display:none;}.wp-block-kadence-advancedbtn.kt-btns1916_50e437-a0 .kt-btn-wrap-0 .kt-button:hover, .wp-block-kadence-advancedbtn.kt-btns1916_50e437-a0 .kt-btn-wrap-0 .kt-button:focus{background:#444444;}<\/style>\n<div class=\"wp-block-kadence-advancedbtn kb-buttons-wrap kb-btns1916_50e437-a0\"><style>ul.menu .wp-block-kadence-advancedbtn .kb-btn1916_c47168-d9.kb-button{width:initial;}.kb-btn1916_c47168-d9.kb-button .kb-svg-icon-wrap{padding-right:var(--global-kb-spacing-xxs, 0.5rem);}<\/style><a class=\"kb-button kt-button button kb-btn1916_c47168-d9 kt-btn-size-standard kt-btn-width-type-auto kb-btn-global-fill  kt-btn-has-text-true kt-btn-has-svg-true  wp-block-kadence-singlebtn\" href=\"https:\/\/madametoska.com\/en\/contacter-femme-dominatrice\/\"><span class=\"kb-svg-icon-wrap kb-svg-icon-fe_mail kt-btn-icon-side-left\"><svg viewbox=\"0 0 24 24\"  fill=\"none\" stroke=\"currentColor\" stroke-width=\"2\" stroke-linecap=\"round\" stroke-linejoin=\"round\" xmlns=\"http:\/\/www.w3.org\/2000\/svg\"  aria-hidden=\"true\"><path d=\"M4 4h16c1.1 0 2 .9 2 2v12c0 1.1-.9 2-2 2H4c-1.1 0-2-.9-2-2V6c0-1.1.9-2 2-2z\"\/><polyline points=\"22,6 12,13 2,6\"\/><\/svg><\/span><span class=\"kt-btn-inner-text\">Book a CBT session<\/span><\/a><\/div>\n\n\n\n<h2 class=\"wp-block-heading has-theme-palette-1-color has-text-color\" style=\"text-transform:none\">Risks associated with CBT, sounding and ballbusting<\/h2>\n\n\n\n<p>The first risk caused by ballbusting and sex torture is that of neurological shock caused by the pain. This pain can be so severe that this neurological shock can cause death. Be aware that this has happened in the past and those responsible for fatal testicular crushing have been convicted.<\/p>\n\n\n\n<p>The other risk may be testicular torsion, which becomes likely when your scrotum is turned inside out. If you are suffering from testicular torsion, you will most likely be aware of it. Your scrotum and one of your testicles will feel sudden, even severe, discomfort. This discomfort may vary in intensity, but it does not go away completely. Testicular torsion is a dangerous condition that requires immediate medical attention. The good news is that it is curable and if diagnosed by a doctor, it will be resolved within a few weeks.<\/p>\n\n\n\n<p>The question that many people ask themselves is: \"Will I become sterile? The answer to this question is a matter of debate. Some people, including doctors, claim that CBT can reduce the quality of sperm but there is, to my knowledge, no study that proves it.&nbsp;<\/p>\n\n\n\n<p>I advise you to read this article from Vice for <a href=\"https:\/\/www.vice.com\/en\/article\/y3mjpm\/the-men-who-are-turned-on-by-cock-trampling-ball-busting-foot-fetish-bdsm\" target=\"_blank\" rel=\"noreferrer noopener\">more details about CBT.<\/a><\/p>\n\n\n\n<figure class=\"wp-block-image size-large\"><img decoding=\"async\" width=\"768\" height=\"1024\" data-src=\"https:\/\/madametoska.com\/wp-content\/uploads\/2023\/03\/image00005-1536x2048-2-768x1024.jpg\" alt=\"Un soumis se fait torturer le sexe lors d'une s\u00e9ance Ballbusting et CBT \u00e0 Paris\" class=\"wp-image-1863 lazyload\" data-srcset=\"https:\/\/madametoska.com\/wp-content\/uploads\/2023\/03\/image00005-1536x2048-2-768x1024.jpg 768w, https:\/\/madametoska.com\/wp-content\/uploads\/2023\/03\/image00005-1536x2048-2-225x300.jpg 225w, https:\/\/madametoska.com\/wp-content\/uploads\/2023\/03\/image00005-1536x2048-2-1152x1536.jpg 1152w, https:\/\/madametoska.com\/wp-content\/uploads\/2023\/03\/image00005-1536x2048-2-600x800.jpg 600w, https:\/\/madametoska.com\/wp-content\/uploads\/2023\/03\/image00005-1536x2048-2.jpg 1536w\" data-sizes=\"(max-width: 768px) 100vw, 768px\" src=\"data:image\/svg+xml;base64,PHN2ZyB3aWR0aD0iMSIgaGVpZ2h0PSIxIiB4bWxucz0iaHR0cDovL3d3dy53My5vcmcvMjAwMC9zdmciPjwvc3ZnPg==\" style=\"--smush-placeholder-width: 768px; --smush-placeholder-aspect-ratio: 768\/1024;\" \/><\/figure>","protected":false},"excerpt":{"rendered":"<p>Ma vision de la torture du sexe, du sodur\u00e8tre et du ballbusting \u00e0 Paris La torture du sexe et le ballbusting sont des pratiques qui font partie des plus douloureuses dans le BDSM. Le p\u00e9nis et les testicules sont richement innerv\u00e9s et le moindre contact un peu excessif peut causer des douleurs insoutenables. Cette pratique&#8230;<\/p>","protected":false},"author":2,"featured_media":1657,"parent":1929,"menu_order":5,"comment_status":"closed","ping_status":"closed","template":"","meta":{"_kadence_starter_templates_imported_post":false,"_kad_post_transparent":"","_kad_post_title":"","_kad_post_layout":"","_kad_post_sidebar_id":"","_kad_post_content_style":"","_kad_post_vertical_padding":"","_kad_post_feature":"","_kad_post_feature_position":"","_kad_post_header":false,"_kad_post_footer":false,"_kad_post_classname":"","footnotes":""},"class_list":["post-1916","page","type-page","status-publish","has-post-thumbnail","hentry"],"_links":{"self":[{"href":"https:\/\/madametoska.com\/en\/wp-json\/wp\/v2\/pages\/1916","targetHints":{"allow":["GET"]}}],"collection":[{"href":"https:\/\/madametoska.com\/en\/wp-json\/wp\/v2\/pages"}],"about":[{"href":"https:\/\/madametoska.com\/en\/wp-json\/wp\/v2\/types\/page"}],"author":[{"embeddable":true,"href":"https:\/\/madametoska.com\/en\/wp-json\/wp\/v2\/users\/2"}],"replies":[{"embeddable":true,"href":"https:\/\/madametoska.com\/en\/wp-json\/wp\/v2\/comments?post=1916"}],"version-history":[{"count":1,"href":"https:\/\/madametoska.com\/en\/wp-json\/wp\/v2\/pages\/1916\/revisions"}],"predecessor-version":[{"id":2347,"href":"https:\/\/madametoska.com\/en\/wp-json\/wp\/v2\/pages\/1916\/revisions\/2347"}],"up":[{"embeddable":true,"href":"https:\/\/madametoska.com\/en\/wp-json\/wp\/v2\/pages\/1929"}],"wp:featuredmedia":[{"embeddable":true,"href":"https:\/\/madametoska.com\/en\/wp-json\/wp\/v2\/media\/1657"}],"wp:attachment":[{"href":"https:\/\/madametoska.com\/en\/wp-json\/wp\/v2\/media?parent=1916"}],"curies":[{"name":"wp","href":"https:\/\/api.w.org\/{rel}","templated":true}]}}