{"id":1920,"date":"2023-03-13T20:13:19","date_gmt":"2023-03-13T19:13:19","guid":{"rendered":"https:\/\/madametoska.com\/?page_id=1920"},"modified":"2023-12-05T17:59:22","modified_gmt":"2023-12-05T16:59:22","slug":"jeux-sensoriels","status":"publish","type":"page","link":"https:\/\/madametoska.com\/en\/seance-domination-bdsm-fetichisme-domina-paris\/jeux-sensoriels\/","title":{"rendered":"Sensation play"},"content":{"rendered":"<h2 class=\"wp-block-heading has-theme-palette-1-color has-text-color\">My vision and practices of sensation play in Paris<\/h2>\n\n\n\n<p>I am very excited to practice sensory play with my submissives. This practice brings out my sensual side which is not surprising when you see the pretty little blonde that I am. These sensations are particularly intense for the people who undergo them and for those who control and determine them. I receive you to practice sensory games in Paris.<\/p>\n\n\n\n<h3 class=\"wp-block-heading has-theme-palette-1-color has-text-color\">My practices:<\/h3>\n\n\n\n<ul class=\"wp-block-list\">\n<li>Ice play: the practice of using ice cubes or extremely cold objects to cause you Siberian discomfort;<\/li>\n\n\n\n<li>Wax play: I will use hot candle wax to burn you little by little, drop by drop.<\/li>\n\n\n\n<li>Fire play: the complementary practice of ice play. I would literally play with fire except that you would be the one to suffer the consequences;<\/li>\n\n\n\n<li>spankings<\/li>\n\n\n\n<li>whipping with a riding crop<\/li>\n\n\n\n<li>English cane strokes<\/li>\n<\/ul>\n\n\n\n<p>You will let me know in advance which practices you like. Be careful not to overestimate yourself. The degree of pain varies and some practices leave marks that stay on the body for a long time so make sure you are well-informed.&nbsp;<\/p>\n\n\n\n<p>I am very excited to practice sensory play with my submissives. This practice brings out my sensual side which is not surprising when you see the pretty little blonde that I am. These sensations are particularly intense for the people who undergo them and for those who control and determine them. I receive you to practice sensory games in Paris.<\/p>\n\n\n\n<h2 class=\"wp-block-heading has-theme-palette-1-color has-text-color\">Go to bed smarter - Sensory play<\/h2>\n\n\n\n<p>Sensory play is a type of domination that either involves no pain or punishment, or emphasizes sensation and pleasure over pain and punishment.<br>While this may seem contradictory, it is not.<br>Many people enjoy sensation play as their favorite form of BDSM, as an introduction to its lifestyle, or simply as a way to balance out more intense sessions.<\/p>\n\n\n\n<p>Sensation play is great for jumping in and seeing if you like the power exchange or want to get more serious about BDSM in the future, as it's less likely (but still possible) that you could seriously damage your partner or hurt yourself.<\/p>\n\n\n\n<p>Several accessories can be used in sensation play such as the Wartenberg wheel which is normally used in neurology, blindfolds, candles, ice cubes (or ice cream for more erotic practices).<\/p>\n\n\n\n<p>To learn more about the practice of sensation play, <a href=\"https:\/\/lioness.io\/blogs\/sex-guides\/sensation-play-how-to-engage-your-5-senses-to-heighten-sex-and-intimacy\" target=\"_blank\" rel=\"noreferrer noopener\">read this article.<\/a><\/p>\n\n\n\n<figure class=\"wp-block-image size-large is-resized\"><img decoding=\"async\" width=\"683\" height=\"1024\" data-src=\"https:\/\/madametoska.com\/wp-content\/uploads\/2023\/03\/D4_2307_IJFR-scaled.jpg-1-683x1024.webp\" alt=\"Madame Toska, maitresse domina paris tenant une bougie et portant un masque. Elle est pr\u00eate pour une s\u00e9ance de jeux sensoriels Paris.\" class=\"wp-image-1921 lazyload\" style=\"--smush-placeholder-width: 683px; --smush-placeholder-aspect-ratio: 683\/1024;width:697px;height:1046px\" data-srcset=\"https:\/\/madametoska.com\/wp-content\/uploads\/2023\/03\/D4_2307_IJFR-scaled.jpg-1-683x1024.webp 683w, https:\/\/madametoska.com\/wp-content\/uploads\/2023\/03\/D4_2307_IJFR-scaled.jpg-1-200x300.webp 200w, https:\/\/madametoska.com\/wp-content\/uploads\/2023\/03\/D4_2307_IJFR-scaled.jpg-1-768x1152.webp 768w, https:\/\/madametoska.com\/wp-content\/uploads\/2023\/03\/D4_2307_IJFR-scaled.jpg-1-1024x1536.webp 1024w, https:\/\/madametoska.com\/wp-content\/uploads\/2023\/03\/D4_2307_IJFR-scaled.jpg-1-1366x2048.webp 1366w, https:\/\/madametoska.com\/wp-content\/uploads\/2023\/03\/D4_2307_IJFR-scaled.jpg-1-600x900.webp 600w, https:\/\/madametoska.com\/wp-content\/uploads\/2023\/03\/D4_2307_IJFR-scaled.jpg-1.webp 1707w\" data-sizes=\"(max-width: 683px) 100vw, 683px\" src=\"data:image\/svg+xml;base64,PHN2ZyB3aWR0aD0iMSIgaGVpZ2h0PSIxIiB4bWxucz0iaHR0cDovL3d3dy53My5vcmcvMjAwMC9zdmciPjwvc3ZnPg==\" \/><\/figure>","protected":false},"excerpt":{"rendered":"<p>Ma vision et mes pratiques des jeux sensoriels \u00e0 Paris Je suis tr\u00e8s enthousiaste \u00e0 l\u2019id\u00e9e de pratiquer les jeux sensoriels avec mes soumis. Cette pratique fait ressortir mon c\u00f4t\u00e9 sensuel qui ne surprend pas lorsque l\u2019on voit la jolie petite blonde que je suis. Ces sensations sont particuli\u00e8rement intenses pour les personnes qui les&#8230;<\/p>","protected":false},"author":2,"featured_media":1657,"parent":1929,"menu_order":7,"comment_status":"closed","ping_status":"closed","template":"","meta":{"_kadence_starter_templates_imported_post":false,"_kad_post_transparent":"","_kad_post_title":"","_kad_post_layout":"","_kad_post_sidebar_id":"","_kad_post_content_style":"","_kad_post_vertical_padding":"","_kad_post_feature":"","_kad_post_feature_position":"","_kad_post_header":false,"_kad_post_footer":false,"_kad_post_classname":"","footnotes":""},"class_list":["post-1920","page","type-page","status-publish","has-post-thumbnail","hentry"],"_links":{"self":[{"href":"https:\/\/madametoska.com\/en\/wp-json\/wp\/v2\/pages\/1920","targetHints":{"allow":["GET"]}}],"collection":[{"href":"https:\/\/madametoska.com\/en\/wp-json\/wp\/v2\/pages"}],"about":[{"href":"https:\/\/madametoska.com\/en\/wp-json\/wp\/v2\/types\/page"}],"author":[{"embeddable":true,"href":"https:\/\/madametoska.com\/en\/wp-json\/wp\/v2\/users\/2"}],"replies":[{"embeddable":true,"href":"https:\/\/madametoska.com\/en\/wp-json\/wp\/v2\/comments?post=1920"}],"version-history":[{"count":1,"href":"https:\/\/madametoska.com\/en\/wp-json\/wp\/v2\/pages\/1920\/revisions"}],"predecessor-version":[{"id":2348,"href":"https:\/\/madametoska.com\/en\/wp-json\/wp\/v2\/pages\/1920\/revisions\/2348"}],"up":[{"embeddable":true,"href":"https:\/\/madametoska.com\/en\/wp-json\/wp\/v2\/pages\/1929"}],"wp:featuredmedia":[{"embeddable":true,"href":"https:\/\/madametoska.com\/en\/wp-json\/wp\/v2\/media\/1657"}],"wp:attachment":[{"href":"https:\/\/madametoska.com\/en\/wp-json\/wp\/v2\/media?parent=1920"}],"curies":[{"name":"wp","href":"https:\/\/api.w.org\/{rel}","templated":true}]}}