{"id":1923,"date":"2023-03-13T20:23:39","date_gmt":"2023-03-13T19:23:39","guid":{"rendered":"https:\/\/madametoska.com\/?page_id=1923"},"modified":"2023-12-05T18:00:43","modified_gmt":"2023-12-05T17:00:43","slug":"findom-moneyslave-domination-financiere-paris","status":"publish","type":"page","link":"https:\/\/madametoska.com\/en\/seance-domination-bdsm-fetichisme-domina-paris\/findom-moneyslave-domination-financiere-paris\/","title":{"rendered":"Findom"},"content":{"rendered":"<h2 class=\"wp-block-heading has-theme-palette-1-color has-text-color\">My findom practices for paypigs in Paris<\/h2>\n\n\n\n<p>Le findom est une pratique qui est arriv\u00e9e&nbsp; relativement r\u00e9cemment \u00e0 la connaissance du grand public. Les confinements ont permis la d\u00e9mocratisation des moneyslaves qui ont financ\u00e9 certaines travailleuses du sexe qui n\u2019\u00e9taient plus en mesure de continuer \u00e0 travailler en pleine pand\u00e9mie. Je <a href=\"https:\/\/madametoska.com\/en\/offrandes-money-slave-moneymiss-paris\/\" target=\"_blank\" data-type=\"page\" data-id=\"1936\" rel=\"noreferrer noopener\">also offer findom services<\/a> with paypigs in Paris for hand deliveries (ATM meetings cashmeet) or everywhere else for electronic money transfers (wire transfers).&nbsp;&nbsp;<\/p>\n\n\n\n<h3 class=\"wp-block-heading has-theme-palette-1-color has-text-color\"><strong>My findom practices for money slaves in Paris and elsewhere<\/strong><\/h3>\n\n\n\n<ul class=\"wp-block-list\">\n<li>Meeting you at the ATM in Paris<\/li>\n\n\n\n<li>PayPal transfer;<\/li>\n\n\n\n<li>Verse transfer;<\/li>\n\n\n\n<li>Cashmeet in Paris;<\/li>\n\n\n\n<li>BTC and crypto transfer;<\/li>\n\n\n\n<li>Selling underwear;<\/li>\n\n\n\n<li>Paid subscriptions to my private content;<\/li>\n\n\n\n<li>Buy gifts from my wishlist;<\/li>\n\n\n\n<li>Shopping spree;<\/li>\n\n\n\n<li>Control your expenses;<\/li>\n\n\n\n<li>Reimbursement of my various personal and professional expenses.<\/li>\n<\/ul>\n\n\n\n<p>Please note that no matter which method you choose, your anonymity will be strictly preserved. In fact, some options are anonymous for those who are more concerned about their privacy. For example, donations on the Give platform allow you to check a box so that I will not be able to know your personal information such as your name or contact information.<\/p>\n\n\n\n<h3 class=\"wp-block-heading has-theme-palette-1-color has-text-color\">Warning: the risks of financial domination<\/h3>\n\n\n\n<p>The practice of findom can lead to serious abuses and long-term financial problems for the money slave. Some financial dominatrixes don't take this into consideration because the paypig is seen as a \"human ATM\", but you have to be especially sure of your ability to pay. If you are not, avoid this kind of practice.<\/p>\n\n\n\n<h2 class=\"wp-block-heading has-theme-palette-1-color has-text-color\">Go to bed smarter - Findom and paypigs<\/h2>\n\n\n\n<p>A submissive (financial slave, finsub, paypig, human ATM or cash piggy) delivers gifts and money to a financial dominatrix (financial dominatrix, findomme, God\/Goddess) in a fetish lifestyle known as financial domination (also known as findom).<\/p>\n\n\n\n<p>Other BDSM and d\/s relationship activities, such as erotic humiliation, are frequently present, but there is often little more proximity between participants.<\/p>\n\n\n\n<p>Although the dominant and submissive may communicate only through the Internet, it is not common for the submissive to accompany the dominant when shopping and pay with the submissive's money.<\/p>\n\n\n\n<p>Learn more about findom and moneyslaves, <a href=\"http:\/\/www.slate.fr\/story\/211777\/findom-domination-financiere-dominas-maitresses-twitter-chasse-soumis-internet\" target=\"_blank\" rel=\"noreferrer noopener\">read this article from Slate<\/a>.<\/p>\n\n\n\n<figure class=\"wp-block-image size-large\"><img decoding=\"async\" width=\"1024\" height=\"683\" data-src=\"https:\/\/madametoska.com\/wp-content\/uploads\/2023\/03\/ibrahim-boran-kkACMU0GYko-unsplash1-1536x1024.jpg-1024x683.webp\" alt=\"Une liasse de billets qu'un moneyslave et money slave doit m'apporter pour que je puisse vivre le style de vie findom que je m\u00e9rite \u00e0 paris. Parfait pour les adeptes de domination financi\u00e8re.\" class=\"wp-image-1924 lazyload\" data-srcset=\"https:\/\/madametoska.com\/wp-content\/uploads\/2023\/03\/ibrahim-boran-kkACMU0GYko-unsplash1-1536x1024.jpg-1024x683.webp 1024w, https:\/\/madametoska.com\/wp-content\/uploads\/2023\/03\/ibrahim-boran-kkACMU0GYko-unsplash1-1536x1024.jpg-300x200.webp 300w, https:\/\/madametoska.com\/wp-content\/uploads\/2023\/03\/ibrahim-boran-kkACMU0GYko-unsplash1-1536x1024.jpg-768x512.webp 768w, https:\/\/madametoska.com\/wp-content\/uploads\/2023\/03\/ibrahim-boran-kkACMU0GYko-unsplash1-1536x1024.jpg-600x400.webp 600w, https:\/\/madametoska.com\/wp-content\/uploads\/2023\/03\/ibrahim-boran-kkACMU0GYko-unsplash1-1536x1024.jpg.webp 1536w\" data-sizes=\"(max-width: 1024px) 100vw, 1024px\" src=\"data:image\/svg+xml;base64,PHN2ZyB3aWR0aD0iMSIgaGVpZ2h0PSIxIiB4bWxucz0iaHR0cDovL3d3dy53My5vcmcvMjAwMC9zdmciPjwvc3ZnPg==\" style=\"--smush-placeholder-width: 1024px; --smush-placeholder-aspect-ratio: 1024\/683;\" \/><\/figure>","protected":false},"excerpt":{"rendered":"<p>Mes pratiques du findom pour les moneyslaves sur Paris Le findom est une pratique qui est arriv\u00e9e&nbsp; relativement r\u00e9cemment \u00e0 la connaissance du grand public. Les confinements ont permis la d\u00e9mocratisation des moneyslaves qui ont financ\u00e9 certaines travailleuses du sexe qui n\u2019\u00e9taient plus en mesure de continuer \u00e0 travailler en pleine pand\u00e9mie. Je pratique \u00e9galement&#8230;<\/p>","protected":false},"author":2,"featured_media":1657,"parent":1929,"menu_order":4,"comment_status":"closed","ping_status":"closed","template":"","meta":{"_kadence_starter_templates_imported_post":false,"_kad_post_transparent":"","_kad_post_title":"","_kad_post_layout":"","_kad_post_sidebar_id":"","_kad_post_content_style":"","_kad_post_vertical_padding":"","_kad_post_feature":"","_kad_post_feature_position":"","_kad_post_header":false,"_kad_post_footer":false,"_kad_post_classname":"","footnotes":""},"class_list":["post-1923","page","type-page","status-publish","has-post-thumbnail","hentry"],"_links":{"self":[{"href":"https:\/\/madametoska.com\/en\/wp-json\/wp\/v2\/pages\/1923","targetHints":{"allow":["GET"]}}],"collection":[{"href":"https:\/\/madametoska.com\/en\/wp-json\/wp\/v2\/pages"}],"about":[{"href":"https:\/\/madametoska.com\/en\/wp-json\/wp\/v2\/types\/page"}],"author":[{"embeddable":true,"href":"https:\/\/madametoska.com\/en\/wp-json\/wp\/v2\/users\/2"}],"replies":[{"embeddable":true,"href":"https:\/\/madametoska.com\/en\/wp-json\/wp\/v2\/comments?post=1923"}],"version-history":[{"count":2,"href":"https:\/\/madametoska.com\/en\/wp-json\/wp\/v2\/pages\/1923\/revisions"}],"predecessor-version":[{"id":2349,"href":"https:\/\/madametoska.com\/en\/wp-json\/wp\/v2\/pages\/1923\/revisions\/2349"}],"up":[{"embeddable":true,"href":"https:\/\/madametoska.com\/en\/wp-json\/wp\/v2\/pages\/1929"}],"wp:featuredmedia":[{"embeddable":true,"href":"https:\/\/madametoska.com\/en\/wp-json\/wp\/v2\/media\/1657"}],"wp:attachment":[{"href":"https:\/\/madametoska.com\/en\/wp-json\/wp\/v2\/media?parent=1923"}],"curies":[{"name":"wp","href":"https:\/\/api.w.org\/{rel}","templated":true}]}}