{"id":2062,"date":"2023-03-17T19:39:10","date_gmt":"2023-03-17T18:39:10","guid":{"rendered":"https:\/\/madametoska.com\/?page_id=2062"},"modified":"2023-11-22T00:43:04","modified_gmt":"2023-11-21T23:43:04","slug":"contacter-femme-dominatrice","status":"publish","type":"page","link":"https:\/\/madametoska.com\/en\/contacter-femme-dominatrice\/","title":{"rendered":"Contact"},"content":{"rendered":"\n<h2 class=\"wp-block-heading has-theme-palette-1-color has-text-color\" style=\"text-transform:none\">Contacter Madame Toska, femme dominatrice \u00e0 Paris<\/h2>\n\n\n\n<p>Pour tout message pr\u00e9liminaire \u00e0 l\u2019organisation d\u2019une s\u00e9ance avec la femme dominatrice que je suis, remplissez de formulaires de contact suivant. Assurez-vous de bien fournir un email et un num\u00e9ro de t\u00e9l\u00e9phone valide afin que votre candidature soit accept\u00e9e. <\/p>\n\n\n\n<p>J&rsquo;ai des limites et j&rsquo;attends que vous les connaissiez. Je suis tr\u00e8s s\u00e9lective dans le choix de mes soumis. Je ne tol\u00e8re aucun manque de respect, et suis particuli\u00e8rement attentive au fait que les personnes qui me contactent aient bien lu mon site avant de m&rsquo;envoyer un message. <\/p>\n\n\n\n<p>N&rsquo;h\u00e9sitez pas \u00e0 consulter la page <a href=\"https:\/\/madametoska.com\/seance-domination-bdsm-fetichisme-domina-paris\/\" target=\"_blank\" rel=\"noreferrer noopener\">Mes Pratiques<\/a> ainsi que <a href=\"https:\/\/madametoska.com\/faq\/\" target=\"_blank\" rel=\"noreferrer noopener\">ma foire aux questions<\/a> pour ne pas me poser une question dont la r\u00e9ponse est d\u00e9j\u00e0 disponible.<\/p>\n\n\n\n<p>Une fois que c\u2019est fait, r\u00e9digez votre message sans omettre les \u00e9l\u00e9ments suivants :<\/p>\n\n\n\n<ul class=\"wp-block-list\">\n<li>Pratiques recherch\u00e9es;<\/li>\n\n\n\n<li>Limites;<\/li>\n\n\n\n<li>Exp\u00e9riences pass\u00e9es;<\/li>\n\n\n\n<li>Probl\u00e8mes de sant\u00e9;<\/li>\n\n\n\n<li>Cr\u00e9neaux horaires souhait\u00e9s.<\/li>\n<\/ul>\n\n\n\n<p>Lorsque j\u2019aurai re\u00e7u l\u2019e-mail, j\u2019essaierai de le traiter dans les plus brefs d\u00e9lais. Il n\u2019est donc pas n\u00e9cessaire de me relancer apr\u00e8s 24 heures. Pour une femme dominatrice, un courriel bien r\u00e9dig\u00e9 est essentiel. Respectez donc mes consignes.<\/p>\n\n\n<style id=\"wpforms-css-vars-2214-block-70b16af5-6eef-4bd3-8c84-6f68656a21f3\">\n\t\t\t\t#wpforms-2214.wpforms-block-70b16af5-6eef-4bd3-8c84-6f68656a21f3 {\n\t\t\t\t--wpforms-field-background-color: #16161d;\n--wpforms-field-border-color: #16161d;\n--wpforms-field-border-color-spare: #16161d;\n--wpforms-field-text-color: #ffffff;\n--wpforms-label-color: #ffffff;\n--wpforms-label-sublabel-color: #ffffff;\n--wpforms-label-error-color: #f34e3a;\n--wpforms-button-background-color: #f34e3a;\n--wpforms-field-size-input-height: 50px;\n--wpforms-field-size-input-spacing: 20px;\n--wpforms-field-size-font-size: 18px;\n--wpforms-field-size-line-height: 21px;\n--wpforms-field-size-padding-h: 14px;\n--wpforms-field-size-checkbox-size: 18px;\n--wpforms-field-size-sublabel-spacing: 10px;\n--wpforms-field-size-icon-size: 1.25;\n--wpforms-label-size-font-size: 18px;\n--wpforms-label-size-line-height: 21px;\n--wpforms-label-size-sublabel-font-size: 16px;\n--wpforms-label-size-sublabel-line-height: 19px;\n--wpforms-button-size-font-size: 20px;\n--wpforms-button-size-height: 48px;\n--wpforms-button-size-padding-h: 20px;\n--wpforms-button-size-margin-top: 15px;\n\t\t\t}\n\t\t\t<\/style><div class=\"wpforms-container wpforms-container-full wpforms-block wpforms-block-70b16af5-6eef-4bd3-8c84-6f68656a21f3 entry-content single-content wpforms-render-modern\" id=\"wpforms-2214\"><form id=\"wpforms-form-2214\" class=\"wpforms-validate wpforms-form wpforms-ajax-form\" data-formid=\"2214\" method=\"post\" enctype=\"multipart\/form-data\" action=\"\/en\/wp-json\/wp\/v2\/pages\/2062\" data-token=\"6765686fcd861f32efdb0cd56f577a7b\" data-token-time=\"1776567922\"><noscript class=\"wpforms-error-noscript\">Please enable JavaScript in your browser to complete this form.<\/noscript><div id=\"wpforms-error-noscript\" style=\"display: none;\">Please enable JavaScript in your browser to complete this form.<\/div><div class=\"wpforms-field-container\"><div id=\"wpforms-2214-field_0-container\" class=\"wpforms-field wpforms-field-name\" data-field-id=\"0\"><label class=\"wpforms-field-label wpforms-label-hide\" for=\"wpforms-2214-field_0\" aria-hidden=\"false\">Nom <span class=\"wpforms-required-label\" aria-hidden=\"true\">*<\/span><\/label><input type=\"text\" id=\"wpforms-2214-field_0\" class=\"wpforms-field-large wpforms-field-required\" name=\"wpforms[fields][0]\" placeholder=\"Nom\" aria-errormessage=\"wpforms-2214-field_0-error\" required><\/div><div id=\"wpforms-2214-field_1-container\" class=\"wpforms-field wpforms-field-email\" data-field-id=\"1\"><label class=\"wpforms-field-label wpforms-label-hide\" for=\"wpforms-2214-field_1\" aria-hidden=\"false\">E-mail <span class=\"wpforms-required-label\" aria-hidden=\"true\">*<\/span><\/label><input type=\"email\" id=\"wpforms-2214-field_1\" class=\"wpforms-field-large wpforms-field-required\" name=\"wpforms[fields][1]\" placeholder=\"E-mail\" spellcheck=\"false\" aria-errormessage=\"wpforms-2214-field_1-error\" required><\/div><div id=\"wpforms-2214-field_3-container\" class=\"wpforms-field wpforms-field-text\" data-field-id=\"3\"><label class=\"wpforms-field-label wpforms-label-hide\" for=\"wpforms-2214-field_3\" aria-hidden=\"false\">T\u00e9l\u00e9phone <span class=\"wpforms-required-label\" aria-hidden=\"true\">*<\/span><\/label><input type=\"text\" id=\"wpforms-2214-field_3\" class=\"wpforms-field-large wpforms-field-required\" name=\"wpforms[fields][3]\" placeholder=\"T\u00e9l\u00e9phone\" aria-errormessage=\"wpforms-2214-field_3-error\" required><\/div><div id=\"wpforms-2214-field_2-container\" class=\"wpforms-field wpforms-field-textarea\" data-field-id=\"2\"><label class=\"wpforms-field-label wpforms-label-hide\" for=\"wpforms-2214-field_2\" aria-hidden=\"false\">Message<\/label><textarea id=\"wpforms-2214-field_2\" class=\"wpforms-field-large\" name=\"wpforms[fields][2]\" placeholder=\"Message\" aria-errormessage=\"wpforms-2214-field_2-error\" ><\/textarea><\/div><\/div><!-- .wpforms-field-container --><div class=\"wpforms-recaptcha-container wpforms-is-hcaptcha\" ><div class=\"h-captcha\" data-sitekey=\"f93063ee-0a07-4019-8a71-baec62c2a19c\"><\/div><input type=\"text\" name=\"g-recaptcha-hidden\" class=\"wpforms-recaptcha-hidden\" style=\"position:absolute!important;clip:rect(0,0,0,0)!important;height:1px!important;width:1px!important;border:0!important;overflow:hidden!important;padding:0!important;margin:0!important;\" data-rule-hcaptcha=\"1\"><\/div><div class=\"wpforms-submit-container\" ><input type=\"hidden\" name=\"wpforms[id]\" value=\"2214\"><input type=\"hidden\" name=\"page_title\" value=\"\"><input type=\"hidden\" name=\"page_url\" value=\"https:\/\/madametoska.com\/en\/wp-json\/wp\/v2\/pages\/2062\"><input type=\"hidden\" name=\"url_referer\" value=\"\"><button type=\"submit\" name=\"wpforms[submit]\" id=\"wpforms-submit-2214\" class=\"wpforms-submit\" data-alt-text=\"Envoi...\" data-submit-text=\"Envoyer\" aria-live=\"assertive\" value=\"wpforms-submit\">Envoyer<\/button><img decoding=\"async\" data-src=\"https:\/\/madametoska.com\/wp-content\/plugins\/wpforms-lite\/assets\/images\/submit-spin.svg\" class=\"wpforms-submit-spinner lazyload\" style=\"--smush-placeholder-width: 26px; --smush-placeholder-aspect-ratio: 26\/26;display: none;\" width=\"26\" height=\"26\" alt=\"Loading\" src=\"data:image\/svg+xml;base64,PHN2ZyB3aWR0aD0iMSIgaGVpZ2h0PSIxIiB4bWxucz0iaHR0cDovL3d3dy53My5vcmcvMjAwMC9zdmciPjwvc3ZnPg==\"><\/div><\/form><\/div>  <!-- .wpforms-container -->\n\n\n<h2 class=\"wp-block-heading has-theme-palette-1-color has-text-color\" style=\"text-transform:none\">Choses \u00e0 savoir avant de me contacter<\/h2>\n\n\n\n<p>La discr\u00e9tion est l\u2019une de mes plus grandes qualit\u00e9s en tant que femme dominatrice. Je fais en sorte que ce qui se passe entre nous reste entre nous.<\/p>\n\n\n\n<p>Si vous souhaitez apporter un cadeau lors d\u2019une s\u00e9ance, ou m\u00eame spontan\u00e9ment, je te conseille de <a href=\"https:\/\/madametoska.com\/offrandes-money-slave-moneymiss-paris\/\" target=\"_blank\" rel=\"noreferrer noopener\">consulter ma page d\u2019offrandes <\/a>afin d\u2019avoir des pistes.<\/p>\n\n\n\n<p>Enfin, si vous n\u2019\u00eates pas certain de savoir comment vous y prendre pour me contacter, consultez <a href=\"https:\/\/queensensoria.com\/etiquette\/comment-sadresser-a-maitresse\/\" target=\"_blank\" rel=\"noreferrer noopener\">ce tutoriel tr\u00e8s bien r\u00e9alis\u00e9 d\u2019une cons\u0153ur femme dominatrice \u00e0 Montr\u00e9al<\/a>, mais pour faire simple, respectez simplement mes consignes, \u00e7a n&rsquo;est pas compliqu\u00e9. <\/p>\n","protected":false},"excerpt":{"rendered":"<p>Contacter Madame Toska, femme dominatrice \u00e0 Paris Pour tout message pr\u00e9liminaire \u00e0 l\u2019organisation d\u2019une s\u00e9ance avec la femme dominatrice que je suis, remplissez de formulaires de contact suivant. Assurez-vous de bien fournir un email et un num\u00e9ro de t\u00e9l\u00e9phone valide afin que votre candidature soit accept\u00e9e. J&rsquo;ai des limites et j&rsquo;attends que vous les connaissiez&#8230;.<\/p>","protected":false},"author":2,"featured_media":1527,"parent":0,"menu_order":5,"comment_status":"closed","ping_status":"closed","template":"","meta":{"_kadence_starter_templates_imported_post":false,"_kad_post_transparent":"","_kad_post_title":"","_kad_post_layout":"","_kad_post_sidebar_id":"","_kad_post_content_style":"","_kad_post_vertical_padding":"","_kad_post_feature":"","_kad_post_feature_position":"","_kad_post_header":false,"_kad_post_footer":false,"_kad_post_classname":"","footnotes":""},"class_list":["post-2062","page","type-page","status-publish","has-post-thumbnail","hentry"],"_links":{"self":[{"href":"https:\/\/madametoska.com\/en\/wp-json\/wp\/v2\/pages\/2062","targetHints":{"allow":["GET"]}}],"collection":[{"href":"https:\/\/madametoska.com\/en\/wp-json\/wp\/v2\/pages"}],"about":[{"href":"https:\/\/madametoska.com\/en\/wp-json\/wp\/v2\/types\/page"}],"author":[{"embeddable":true,"href":"https:\/\/madametoska.com\/en\/wp-json\/wp\/v2\/users\/2"}],"replies":[{"embeddable":true,"href":"https:\/\/madametoska.com\/en\/wp-json\/wp\/v2\/comments?post=2062"}],"version-history":[{"count":10,"href":"https:\/\/madametoska.com\/en\/wp-json\/wp\/v2\/pages\/2062\/revisions"}],"predecessor-version":[{"id":2306,"href":"https:\/\/madametoska.com\/en\/wp-json\/wp\/v2\/pages\/2062\/revisions\/2306"}],"wp:featuredmedia":[{"embeddable":true,"href":"https:\/\/madametoska.com\/en\/wp-json\/wp\/v2\/media\/1527"}],"wp:attachment":[{"href":"https:\/\/madametoska.com\/en\/wp-json\/wp\/v2\/media?parent=2062"}],"curies":[{"name":"wp","href":"https:\/\/api.w.org\/{rel}","templated":true}]}}