{"id":2210,"date":"2023-04-17T22:43:35","date_gmt":"2023-04-17T20:43:35","guid":{"rendered":"https:\/\/madametoska.com\/?page_id=2210"},"modified":"2023-04-18T22:28:41","modified_gmt":"2023-04-18T20:28:41","slug":"confirmation-contact","status":"publish","type":"page","link":"https:\/\/madametoska.com\/en\/contacter-femme-dominatrice\/confirmation-contact\/","title":{"rendered":"Contact confirmation"},"content":{"rendered":"<p>Thank you for reaching out to me. Your message will reach me shortly and I will answer it if it was written according to the criteria I mentioned above the form. <\/p>\n\n\n\n<p>While waiting for a possible session, I invite you to follow me on <a href=\"https:\/\/twitter.com\/MaitresseToska\" target=\"_blank\" rel=\"noreferrer noopener\">Twitter<\/a> and on <a href=\"https:\/\/onlyfans.com\/madametoska\" target=\"_blank\" rel=\"noreferrer noopener\">Onlyfans<\/a>. If you wish to please me, I invite you to visit my <a href=\"https:\/\/www.wishtender.com\/madametoska\" target=\"_blank\" rel=\"noreferrer noopener\">wishlist<\/a>. You can also give a star to my <a href=\"https:\/\/www.ladyxena.com\/en\/fr\/madametoska\" data-type=\"URL\" data-id=\"https:\/\/www.ladyxena.com\/en\/fr\/madametoska\" target=\"_blank\" rel=\"noreferrer noopener\">LadyXena page<\/a> si nous nous sommes d\u00e9j\u00e0 rencontr\u00e9s. <\/p>\n\n\n\n<p>Finally, to know me better and also to reassure you, I invite you to consult my blog to know the measures I take to protect you. <\/p>","protected":false},"excerpt":{"rendered":"<p>Merci de m&rsquo;avoir contact\u00e9. Votre message va rapidement me parvenir et j&rsquo;y r\u00e9pondrais s&rsquo;il a \u00e9t\u00e9 r\u00e9dig\u00e9 selon les crit\u00e8res que j&rsquo;ai mentionn\u00e9 au dessus du formulaire. En attendant une \u00e9ventuelle s\u00e9ance, je vous invite \u00e0 me suivre sur Twitter et sur Onlyfans. Si vous souhaitez me faire plaisir, je vous invite \u00e0 visiter ma&#8230;<\/p>","protected":false},"author":3,"featured_media":1657,"parent":2062,"menu_order":0,"comment_status":"closed","ping_status":"closed","template":"","meta":{"_kadence_starter_templates_imported_post":false,"_kad_post_transparent":"","_kad_post_title":"","_kad_post_layout":"","_kad_post_sidebar_id":"","_kad_post_content_style":"","_kad_post_vertical_padding":"","_kad_post_feature":"","_kad_post_feature_position":"","_kad_post_header":false,"_kad_post_footer":false,"_kad_post_classname":"","footnotes":""},"class_list":["post-2210","page","type-page","status-publish","has-post-thumbnail","hentry"],"_links":{"self":[{"href":"https:\/\/madametoska.com\/en\/wp-json\/wp\/v2\/pages\/2210","targetHints":{"allow":["GET"]}}],"collection":[{"href":"https:\/\/madametoska.com\/en\/wp-json\/wp\/v2\/pages"}],"about":[{"href":"https:\/\/madametoska.com\/en\/wp-json\/wp\/v2\/types\/page"}],"author":[{"embeddable":true,"href":"https:\/\/madametoska.com\/en\/wp-json\/wp\/v2\/users\/3"}],"replies":[{"embeddable":true,"href":"https:\/\/madametoska.com\/en\/wp-json\/wp\/v2\/comments?post=2210"}],"version-history":[{"count":1,"href":"https:\/\/madametoska.com\/en\/wp-json\/wp\/v2\/pages\/2210\/revisions"}],"predecessor-version":[{"id":2211,"href":"https:\/\/madametoska.com\/en\/wp-json\/wp\/v2\/pages\/2210\/revisions\/2211"}],"up":[{"embeddable":true,"href":"https:\/\/madametoska.com\/en\/wp-json\/wp\/v2\/pages\/2062"}],"wp:featuredmedia":[{"embeddable":true,"href":"https:\/\/madametoska.com\/en\/wp-json\/wp\/v2\/media\/1657"}],"wp:attachment":[{"href":"https:\/\/madametoska.com\/en\/wp-json\/wp\/v2\/media?parent=2210"}],"curies":[{"name":"wp","href":"https:\/\/api.w.org\/{rel}","templated":true}]}}